{"id":2949,"date":"2024-12-05T12:55:47","date_gmt":"2024-12-05T11:55:47","guid":{"rendered":"https:\/\/www.ms-luzicka.cz\/?page_id=2949"},"modified":"2025-10-02T12:22:59","modified_gmt":"2025-10-02T10:22:59","slug":"projekty","status":"publish","type":"page","link":"https:\/\/www.ms-luzicka.cz\/?page_id=2949","title":{"rendered":"Projekty M\u0160 Lu\u017eick\u00e1"},"content":{"rendered":"\n<p><strong>Projekty ve \u0161koln\u00edm roce 2025\/2026<\/strong><\/p>\n\n\n\n<p>\u00b7 <em>Digitalizace<\/em> \u2013 z\u00edsk\u00e1v\u00e1n\u00ed nov\u00fdch poznatk\u016f a dovednost\u00ed s vyu\u017eit\u00edm digit\u00e1ln\u00edch pom\u016fcek (interaktivn\u00ed tabule, tablety, BEE BOOT v\u010delka)<\/p>\n\n\n\n<p>\u00b7 <em>Plav\u00e1n\u00ed <\/em>\u2013 podzimn\u00ed a jarn\u00ed kurz v m\u011bstsk\u00fdch l\u00e1zn\u00edch s plaveck\u00fd klubem Vlnka<\/p>\n\n\n\n<p>\u00b7 <em>N\u00e1v\u0161t\u011bvy soln\u00e9 jeskyn\u011b<\/em> \u2013 sezn\u00e1men\u00ed d\u011bt\u00ed s prost\u0159ed\u00edm soln\u00e9 jeskyn\u011b b\u011bhem zimy a jara<\/p>\n\n\n\n<p>\u00b7 <em>Zdrav\u00e9 mls\u00e1n\u00ed<\/em> \u2013 p\u0159i oslav\u011b narozenin si pochutn\u00e1v\u00e1me na \u010derstv\u00e9m ovoci a zelenin\u011b<\/p>\n\n\n\n<p>\u00b7 <em>Exkurze mezi V\u00e1s<\/em> \u2013 n\u00e1v\u0161t\u011bvy do zam\u011bstn\u00e1n\u00ed rodi\u010d\u016f na\u0161ich d\u011bt\u00ed<\/p>\n\n\n\n<p>\u00b7 <em>Rodi\u010de \u010dtou d\u011btem<\/em> \u2013 pro zpest\u0159en\u00ed aktivit p\u0159\u00edle\u017eitostn\u00e9 \u010dten\u00ed poh\u00e1dky rodi\u010di a prarodi\u010di<\/p>\n\n\n\n<p>\u00b7 <em>Udr\u017eSe<\/em> \u2013 rozv\u00edjen\u00ed hrub\u00e9 motoriky za\u0159azov\u00e1n\u00edm zdravotn\u00edch cvik\u016f, fyzioterapeutick\u00fdch cvik\u016f, formov\u00e1n\u00ed zdrav\u00fdch pohybov\u00fdch n\u00e1vyk\u016f d\u011bt\u00ed<\/p>\n","protected":false},"excerpt":{"rendered":"<p><!-- wp:paragraph --><\/p>\n<p><strong>Projekty ve \u0161koln\u00edm roce 2025\/2026<\/strong><\/p>\n<p><!-- \/wp:paragraph --><\/p>\n<p><!-- wp:paragraph --><\/p>\n<p>\u00b7 <em>Digitalizace<\/em> \u2013 z\u00edsk\u00e1v\u00e1n\u00ed nov\u00fdch poznatk\u016f a dovednost\u00ed s vyu\u017eit\u00edm digit\u00e1ln\u00edch pom\u016fcek (interaktivn\u00ed tabule, tablety, BEE BOOT v\u010delka)<\/p>\n<p><!-- \/wp:paragraph --><\/p>\n<p><!-- wp:paragraph --><\/p>\n<p>\u00b7 <em>Plav\u00e1n\u00ed <\/em>\u2013 podzimn\u00ed a jarn\u00ed kurz v m\u011bstsk\u00fdch l\u00e1zn\u00edch s plaveck\u00fd klubem Vlnka<\/p>\n<p><!-- \/wp:paragraph --><\/p>\n<p><!-- wp:paragraph --><\/p>\n<p>\u00b7 <em>N\u00e1v\u0161t\u011bvy soln\u00e9 jeskyn\u011b<\/em> \u2013 sezn\u00e1men\u00ed d\u011bt\u00ed s prost\u0159ed\u00edm soln\u00e9 jeskyn\u011b b\u011bhem zimy a jara<\/p>\n<p><!-- \/wp:paragraph --><\/p>\n<p><!-- wp:paragraph --><\/p>\n<p>\u00b7 <em>Zdrav\u00e9 mls\u00e1n\u00ed<\/em> \u2013 p\u0159i oslav\u011b narozenin si pochutn\u00e1v\u00e1me na \u010derstv\u00e9m ovoci a zelenin\u011b<\/p>\n<p><!-- \/wp:paragraph --><\/p>\n<p><!-- wp:paragraph --><\/p>\n<p>\u00b7 <em>Exkurze mezi V\u00e1s<\/em> \u2013 n\u00e1v\u0161t\u011bvy do zam\u011bstn\u00e1n\u00ed rodi\u010d\u016f na\u0161ich d\u011bt\u00ed<\/p>\n<p><!-- \/wp:paragraph --><\/p>\n<p><!-- wp:paragraph --><\/p>\n<p>\u00b7 <em>Rodi\u010de \u010dtou d\u011btem<\/em> \u2013 pro zpest\u0159en\u00ed aktivit p\u0159\u00edle\u017eitostn\u00e9 \u010dten\u00ed poh\u00e1dky rodi\u010di a prarodi\u010di<\/p>\n<p><!-- \/wp:paragraph --><\/p>\n<p><!-- wp:paragraph --><\/p>\n<p>\u00b7 <em>Udr\u017eSe<\/em> \u2013 rozv\u00edjen\u00ed hrub\u00e9 motoriky za\u0159azov\u00e1n\u00edm zdravotn\u00edch<\/p>\n","protected":false},"author":2,"featured_media":0,"parent":0,"menu_order":0,"comment_status":"closed","ping_status":"closed","template":"","meta":{"ngg_post_thumbnail":0,"footnotes":""},"class_list":["post-2949","page","type-page","status-publish","hentry"],"_links":{"self":[{"href":"https:\/\/www.ms-luzicka.cz\/index.php?rest_route=\/wp\/v2\/pages\/2949"}],"collection":[{"href":"https:\/\/www.ms-luzicka.cz\/index.php?rest_route=\/wp\/v2\/pages"}],"about":[{"href":"https:\/\/www.ms-luzicka.cz\/index.php?rest_route=\/wp\/v2\/types\/page"}],"author":[{"embeddable":true,"href":"https:\/\/www.ms-luzicka.cz\/index.php?rest_route=\/wp\/v2\/users\/2"}],"replies":[{"embeddable":true,"href":"https:\/\/www.ms-luzicka.cz\/index.php?rest_route=%2Fwp%2Fv2%2Fcomments&post=2949"}],"version-history":[{"count":7,"href":"https:\/\/www.ms-luzicka.cz\/index.php?rest_route=\/wp\/v2\/pages\/2949\/revisions"}],"predecessor-version":[{"id":4317,"href":"https:\/\/www.ms-luzicka.cz\/index.php?rest_route=\/wp\/v2\/pages\/2949\/revisions\/4317"}],"wp:attachment":[{"href":"https:\/\/www.ms-luzicka.cz\/index.php?rest_route=%2Fwp%2Fv2%2Fmedia&parent=2949"}],"curies":[{"name":"wp","href":"https:\/\/api.w.org\/{rel}","templated":true}]}}