{"id":278,"date":"2021-02-13T16:55:33","date_gmt":"2021-02-13T15:55:33","guid":{"rendered":"https:\/\/www.ms-luzicka.cz\/?page_id=278"},"modified":"2026-02-16T14:52:07","modified_gmt":"2026-02-16T13:52:07","slug":"skola-ma-vlastni-vyvarovnu-nase-pani-kucharky-pripravuji-vynikajici-stravovani","status":"publish","type":"page","link":"https:\/\/www.ms-luzicka.cz\/?page_id=278","title":{"rendered":"\u0160kola m\u00e1 vlastn\u00ed kuchy\u0148, ve kter\u00e9 se p\u0159ipravuje plnohodnotn\u00e1 strava dle z\u00e1sad zdrav\u00e9 v\u00fd\u017eivy."},"content":{"rendered":"","protected":false},"excerpt":{"rendered":"","protected":false},"author":2,"featured_media":0,"parent":0,"menu_order":0,"comment_status":"closed","ping_status":"closed","template":"","meta":{"ngg_post_thumbnail":0,"footnotes":""},"class_list":["post-278","page","type-page","status-publish","hentry"],"_links":{"self":[{"href":"https:\/\/www.ms-luzicka.cz\/index.php?rest_route=\/wp\/v2\/pages\/278"}],"collection":[{"href":"https:\/\/www.ms-luzicka.cz\/index.php?rest_route=\/wp\/v2\/pages"}],"about":[{"href":"https:\/\/www.ms-luzicka.cz\/index.php?rest_route=\/wp\/v2\/types\/page"}],"author":[{"embeddable":true,"href":"https:\/\/www.ms-luzicka.cz\/index.php?rest_route=\/wp\/v2\/users\/2"}],"replies":[{"embeddable":true,"href":"https:\/\/www.ms-luzicka.cz\/index.php?rest_route=%2Fwp%2Fv2%2Fcomments&post=278"}],"version-history":[{"count":4,"href":"https:\/\/www.ms-luzicka.cz\/index.php?rest_route=\/wp\/v2\/pages\/278\/revisions"}],"predecessor-version":[{"id":4705,"href":"https:\/\/www.ms-luzicka.cz\/index.php?rest_route=\/wp\/v2\/pages\/278\/revisions\/4705"}],"wp:attachment":[{"href":"https:\/\/www.ms-luzicka.cz\/index.php?rest_route=%2Fwp%2Fv2%2Fmedia&parent=278"}],"curies":[{"name":"wp","href":"https:\/\/api.w.org\/{rel}","templated":true}]}}