{"id":274,"date":"2021-02-13T16:53:04","date_gmt":"2021-02-13T15:53:04","guid":{"rendered":"https:\/\/www.ms-luzicka.cz\/?page_id=274"},"modified":"2026-02-16T14:50:55","modified_gmt":"2026-02-16T13:50:55","slug":"u-materske-skoly-je-prostorna-zahrada-se-zahradnim-domkem-a-ctyrmi-piskovisti","status":"publish","type":"page","link":"https:\/\/www.ms-luzicka.cz\/?page_id=274","title":{"rendered":"Ob\u011b budovy M\u0160 maj\u00ed kr\u00e1snou zahradu s mnoha vzrostl\u00fdmi stromy a ke\u0159i, rozmanit\u00fdmi hern\u00edmi prvky a zast\u00edn\u011bn\u00fdmi p\u00edskovi\u0161ti."},"content":{"rendered":"","protected":false},"excerpt":{"rendered":"","protected":false},"author":2,"featured_media":0,"parent":0,"menu_order":0,"comment_status":"closed","ping_status":"closed","template":"","meta":{"ngg_post_thumbnail":0,"footnotes":""},"class_list":["post-274","page","type-page","status-publish","hentry"],"_links":{"self":[{"href":"https:\/\/www.ms-luzicka.cz\/index.php?rest_route=\/wp\/v2\/pages\/274"}],"collection":[{"href":"https:\/\/www.ms-luzicka.cz\/index.php?rest_route=\/wp\/v2\/pages"}],"about":[{"href":"https:\/\/www.ms-luzicka.cz\/index.php?rest_route=\/wp\/v2\/types\/page"}],"author":[{"embeddable":true,"href":"https:\/\/www.ms-luzicka.cz\/index.php?rest_route=\/wp\/v2\/users\/2"}],"replies":[{"embeddable":true,"href":"https:\/\/www.ms-luzicka.cz\/index.php?rest_route=%2Fwp%2Fv2%2Fcomments&post=274"}],"version-history":[{"count":4,"href":"https:\/\/www.ms-luzicka.cz\/index.php?rest_route=\/wp\/v2\/pages\/274\/revisions"}],"predecessor-version":[{"id":4704,"href":"https:\/\/www.ms-luzicka.cz\/index.php?rest_route=\/wp\/v2\/pages\/274\/revisions\/4704"}],"wp:attachment":[{"href":"https:\/\/www.ms-luzicka.cz\/index.php?rest_route=%2Fwp%2Fv2%2Fmedia&parent=274"}],"curies":[{"name":"wp","href":"https:\/\/api.w.org\/{rel}","templated":true}]}}