{"id":268,"date":"2021-02-13T16:45:41","date_gmt":"2021-02-13T15:45:41","guid":{"rendered":"https:\/\/www.ms-luzicka.cz\/?page_id=268"},"modified":"2026-02-16T14:47:28","modified_gmt":"2026-02-16T13:47:28","slug":"dbame-na-vsestranny-rozvoj-deti","status":"publish","type":"page","link":"https:\/\/www.ms-luzicka.cz\/?page_id=268","title":{"rendered":"U\u010ditel je pr\u016fvodcem d\u00edt\u011bte, podporuje jeho p\u0159irozenou zv\u00eddavost, kreativitu a chu\u0165 pozn\u00e1vat sv\u011bt a z\u00e1rove\u0148 c\u00edlen\u011b rozv\u00edj\u00ed jeho samostatnost, spolupr\u00e1ci a zdrav\u00e9 sebev\u011bdom\u00ed."},"content":{"rendered":"","protected":false},"excerpt":{"rendered":"","protected":false},"author":2,"featured_media":0,"parent":0,"menu_order":0,"comment_status":"closed","ping_status":"closed","template":"","meta":{"ngg_post_thumbnail":0,"footnotes":""},"class_list":["post-268","page","type-page","status-publish","hentry"],"_links":{"self":[{"href":"https:\/\/www.ms-luzicka.cz\/index.php?rest_route=\/wp\/v2\/pages\/268"}],"collection":[{"href":"https:\/\/www.ms-luzicka.cz\/index.php?rest_route=\/wp\/v2\/pages"}],"about":[{"href":"https:\/\/www.ms-luzicka.cz\/index.php?rest_route=\/wp\/v2\/types\/page"}],"author":[{"embeddable":true,"href":"https:\/\/www.ms-luzicka.cz\/index.php?rest_route=\/wp\/v2\/users\/2"}],"replies":[{"embeddable":true,"href":"https:\/\/www.ms-luzicka.cz\/index.php?rest_route=%2Fwp%2Fv2%2Fcomments&post=268"}],"version-history":[{"count":4,"href":"https:\/\/www.ms-luzicka.cz\/index.php?rest_route=\/wp\/v2\/pages\/268\/revisions"}],"predecessor-version":[{"id":4700,"href":"https:\/\/www.ms-luzicka.cz\/index.php?rest_route=\/wp\/v2\/pages\/268\/revisions\/4700"}],"wp:attachment":[{"href":"https:\/\/www.ms-luzicka.cz\/index.php?rest_route=%2Fwp%2Fv2%2Fmedia&parent=268"}],"curies":[{"name":"wp","href":"https:\/\/api.w.org\/{rel}","templated":true}]}}