{"id":2607,"date":"2024-10-08T13:13:48","date_gmt":"2024-10-08T11:13:48","guid":{"rendered":"http:\/\/www.ms-luzicka.cz\/?page_id=2607"},"modified":"2025-10-02T12:16:39","modified_gmt":"2025-10-02T10:16:39","slug":"pripravovane-akce","status":"publish","type":"page","link":"https:\/\/www.ms-luzicka.cz\/?page_id=2607","title":{"rendered":"Chystan\u00e9 akce M\u0160 Lu\u017eick\u00e1"},"content":{"rendered":"\n<p class=\"has-text-align-left\"><strong>Na co se t\u011b\u0161\u00edme ve \u0161koln\u00edm roce 2025\/2026<\/strong><br>\u00b7 Podzimn\u00ed \u0161koln\u00ed v\u00fdlet.<br><br>\u00b7 N\u00e1v\u0161t\u011bva dopravn\u00edho h\u0159i\u0161t\u011b.<br><br>\u00b7 And\u011blsk\u00fd a \u010dert\u00ed rej s mikul\u00e1\u0161skou nad\u00edlkou.<\/p>\n\n\n\n<p>\u00b7 V\u00e1no\u010dn\u00ed tvo\u0159en\u00ed se zp\u00edv\u00e1n\u00edm.<\/p>\n\n\n\n<p>\u00b7 Je\u017e\u00ed\u0161ek v mate\u0159sk\u00e9 \u0161kole.<\/p>\n\n\n\n<p>\u00b7 Masopustn\u00ed pr\u016fvod.<\/p>\n\n\n\n<p>\u00b7 N\u00e1v\u0161t\u011bva p\u0159ed\u0161kol\u00e1k\u016f 1. t\u0159\u00eddy v Z\u0160.<\/p>\n\n\n\n<p>\u00b7 Vyn\u00e1\u0161en\u00ed Morany.<\/p>\n\n\n\n<p>\u00b7 Zelen\u00fd den \u2013 v\u00edt\u00e1n\u00ed jara.<\/p>\n\n\n\n<p>\u00b7 \u010carod\u011bjnick\u00fd rej.<\/p>\n\n\n\n<p>\u00b7 N\u00e1v\u0161t\u011bva hasi\u010d\u016f a policie.<\/p>\n\n\n\n<p>\u00b7 Jarn\u00ed \u0161koln\u00ed v\u00fdlet.<\/p>\n\n\n\n<p>\u00b7 Barevn\u00fd den.<\/p>\n\n\n\n<p>\u00b7 \u00da\u010dast na olympi\u00e1d\u00e1ch po\u0159\u00e1dan\u00fdch Z\u0160 Sever.<\/p>\n\n\n\n<p>\u00b7 N\u00e1v\u0161t\u011bva muzea a knihovny.<\/p>\n\n\n\n<p>\u00b7 Divadeln\u00ed p\u0159edstaven\u00ed a exkurze.<\/p>\n\n\n\n<p><\/p>\n\n\n\n<p><strong>Akce s rodi\u010di a ve\u0159ejnost\u00ed<\/strong><\/p>\n\n\n\n<p>\u00b7 Jabl\u00ed\u010dkov\u00e1n\u00ed \u2013 sout\u011b\u017ee s jabl\u00ed\u010dky.<\/p>\n\n\n\n<p>\u00b7 V\u00e1no\u010dn\u00ed tvo\u0159en\u00ed se zp\u00edv\u00e1n\u00edm.<\/p>\n\n\n\n<p>\u00b7 Hrav\u00e9 odpoledne rodi\u010d\u016f s d\u011btmi v M\u0160.<\/p>\n\n\n\n<p>\u00b7 Den otev\u0159en\u00fdch dve\u0159\u00ed.<\/p>\n\n\n\n<p>\u00b7 Slun\u00ed\u010dkov\u00fd den.<\/p>\n\n\n\n<p>\u00b7 Jarn\u00ed vystoupen\u00ed d\u011bt\u00ed.<\/p>\n\n\n\n<p>\u00b7 Oslava Dne d\u011bt\u00ed.<\/p>\n\n\n\n<p>\u00b7 Rozlou\u010den\u00ed s p\u0159ed\u0161kol\u00e1ky.<\/p>\n\n\n\n<p><\/p>\n","protected":false},"excerpt":{"rendered":"<p><!-- wp:paragraph {\"align\":\"left\"} --><\/p>\n<p class=\"has-text-align-left\"><strong>Na co se t\u011b\u0161\u00edme ve \u0161koln\u00edm roce 2025\/2026<\/strong><br \/>\u00b7 Podzimn\u00ed \u0161koln\u00ed v\u00fdlet.<\/p>\n<p>\u00b7 N\u00e1v\u0161t\u011bva dopravn\u00edho h\u0159i\u0161t\u011b.<\/p>\n<p>\u00b7 And\u011blsk\u00fd a \u010dert\u00ed rej s mikul\u00e1\u0161skou nad\u00edlkou.<\/p>\n<p><!-- \/wp:paragraph --><\/p>\n<p><!-- wp:paragraph --><\/p>\n<p>\u00b7 V\u00e1no\u010dn\u00ed tvo\u0159en\u00ed se zp\u00edv\u00e1n\u00edm.<\/p>\n<p><!-- \/wp:paragraph --><\/p>\n<p><!-- wp:paragraph --><\/p>\n<p>\u00b7<\/p>\n","protected":false},"author":2,"featured_media":2572,"parent":0,"menu_order":0,"comment_status":"closed","ping_status":"closed","template":"","meta":{"ngg_post_thumbnail":0,"footnotes":""},"class_list":["post-2607","page","type-page","status-publish","has-post-thumbnail","hentry"],"_links":{"self":[{"href":"https:\/\/www.ms-luzicka.cz\/index.php?rest_route=\/wp\/v2\/pages\/2607"}],"collection":[{"href":"https:\/\/www.ms-luzicka.cz\/index.php?rest_route=\/wp\/v2\/pages"}],"about":[{"href":"https:\/\/www.ms-luzicka.cz\/index.php?rest_route=\/wp\/v2\/types\/page"}],"author":[{"embeddable":true,"href":"https:\/\/www.ms-luzicka.cz\/index.php?rest_route=\/wp\/v2\/users\/2"}],"replies":[{"embeddable":true,"href":"https:\/\/www.ms-luzicka.cz\/index.php?rest_route=%2Fwp%2Fv2%2Fcomments&post=2607"}],"version-history":[{"count":14,"href":"https:\/\/www.ms-luzicka.cz\/index.php?rest_route=\/wp\/v2\/pages\/2607\/revisions"}],"predecessor-version":[{"id":4314,"href":"https:\/\/www.ms-luzicka.cz\/index.php?rest_route=\/wp\/v2\/pages\/2607\/revisions\/4314"}],"wp:featuredmedia":[{"embeddable":true,"href":"https:\/\/www.ms-luzicka.cz\/index.php?rest_route=\/wp\/v2\/media\/2572"}],"wp:attachment":[{"href":"https:\/\/www.ms-luzicka.cz\/index.php?rest_route=%2Fwp%2Fv2%2Fmedia&parent=2607"}],"curies":[{"name":"wp","href":"https:\/\/api.w.org\/{rel}","templated":true}]}}