{"id":260,"date":"2021-02-13T16:21:11","date_gmt":"2021-02-13T15:21:11","guid":{"rendered":"https:\/\/www.ms-luzicka.cz\/?page_id=260"},"modified":"2026-02-16T14:49:25","modified_gmt":"2026-02-16T13:49:25","slug":"behem-skolniho-roku-navstevuji-skolu-ruzne-divadelni-spolecnosti","status":"publish","type":"page","link":"https:\/\/www.ms-luzicka.cz\/?page_id=260","title":{"rendered":"T\u0159\u00eddy jsou vybaveny nov\u00fdm n\u00e1bytkem a modern\u00edmi hra\u010dkami v koutc\u00edch tzv. \u201ecentrech aktivit\u201c, ve kter\u00fdch si d\u011bti samy vyb\u00edraj\u00ed \u010dinnosti dle sv\u00e9ho z\u00e1jmu."},"content":{"rendered":"","protected":false},"excerpt":{"rendered":"","protected":false},"author":2,"featured_media":0,"parent":0,"menu_order":0,"comment_status":"closed","ping_status":"closed","template":"","meta":{"ngg_post_thumbnail":0,"footnotes":""},"class_list":["post-260","page","type-page","status-publish","hentry"],"_links":{"self":[{"href":"https:\/\/www.ms-luzicka.cz\/index.php?rest_route=\/wp\/v2\/pages\/260"}],"collection":[{"href":"https:\/\/www.ms-luzicka.cz\/index.php?rest_route=\/wp\/v2\/pages"}],"about":[{"href":"https:\/\/www.ms-luzicka.cz\/index.php?rest_route=\/wp\/v2\/types\/page"}],"author":[{"embeddable":true,"href":"https:\/\/www.ms-luzicka.cz\/index.php?rest_route=\/wp\/v2\/users\/2"}],"replies":[{"embeddable":true,"href":"https:\/\/www.ms-luzicka.cz\/index.php?rest_route=%2Fwp%2Fv2%2Fcomments&post=260"}],"version-history":[{"count":5,"href":"https:\/\/www.ms-luzicka.cz\/index.php?rest_route=\/wp\/v2\/pages\/260\/revisions"}],"predecessor-version":[{"id":4702,"href":"https:\/\/www.ms-luzicka.cz\/index.php?rest_route=\/wp\/v2\/pages\/260\/revisions\/4702"}],"wp:attachment":[{"href":"https:\/\/www.ms-luzicka.cz\/index.php?rest_route=%2Fwp%2Fv2%2Fmedia&parent=260"}],"curies":[{"name":"wp","href":"https:\/\/api.w.org\/{rel}","templated":true}]}}