{"id":257,"date":"2021-02-13T16:19:40","date_gmt":"2021-02-13T15:19:40","guid":{"rendered":"https:\/\/www.ms-luzicka.cz\/?page_id=257"},"modified":"2026-02-16T14:48:47","modified_gmt":"2026-02-16T13:48:47","slug":"nabizime-i-nadstandardni-cinnosti","status":"publish","type":"page","link":"https:\/\/www.ms-luzicka.cz\/?page_id=257","title":{"rendered":"Nab\u00edz\u00edme r\u016fzn\u00e9 dopl\u0148kov\u00e9 programy: zdrav\u00e9 mls\u00e1n\u00ed, plav\u00e1n\u00ed, soln\u00e1 jeskyn\u011b, digitalizace, recyklace materi\u00e1l\u016f, exkurze, \u00fa\u010dast na sout\u011b\u017e\u00edch, spolupr\u00e1ce s Domovem d\u016fchodc\u016f aj."},"content":{"rendered":"","protected":false},"excerpt":{"rendered":"","protected":false},"author":2,"featured_media":0,"parent":0,"menu_order":0,"comment_status":"closed","ping_status":"closed","template":"","meta":{"ngg_post_thumbnail":0,"footnotes":""},"class_list":["post-257","page","type-page","status-publish","hentry"],"_links":{"self":[{"href":"https:\/\/www.ms-luzicka.cz\/index.php?rest_route=\/wp\/v2\/pages\/257"}],"collection":[{"href":"https:\/\/www.ms-luzicka.cz\/index.php?rest_route=\/wp\/v2\/pages"}],"about":[{"href":"https:\/\/www.ms-luzicka.cz\/index.php?rest_route=\/wp\/v2\/types\/page"}],"author":[{"embeddable":true,"href":"https:\/\/www.ms-luzicka.cz\/index.php?rest_route=\/wp\/v2\/users\/2"}],"replies":[{"embeddable":true,"href":"https:\/\/www.ms-luzicka.cz\/index.php?rest_route=%2Fwp%2Fv2%2Fcomments&post=257"}],"version-history":[{"count":4,"href":"https:\/\/www.ms-luzicka.cz\/index.php?rest_route=\/wp\/v2\/pages\/257\/revisions"}],"predecessor-version":[{"id":4701,"href":"https:\/\/www.ms-luzicka.cz\/index.php?rest_route=\/wp\/v2\/pages\/257\/revisions\/4701"}],"wp:attachment":[{"href":"https:\/\/www.ms-luzicka.cz\/index.php?rest_route=%2Fwp%2Fv2%2Fmedia&parent=257"}],"curies":[{"name":"wp","href":"https:\/\/api.w.org\/{rel}","templated":true}]}}