{"id":2108,"date":"2024-09-17T10:18:41","date_gmt":"2024-09-17T08:18:41","guid":{"rendered":"http:\/\/www.ms-luzicka.cz\/?page_id=2108"},"modified":"2026-02-03T08:47:44","modified_gmt":"2026-02-03T07:47:44","slug":"kontakt-2","status":"publish","type":"page","link":"https:\/\/www.ms-luzicka.cz\/?page_id=2108","title":{"rendered":"Kontakt"},"content":{"rendered":"\t\t<div data-elementor-type=\"wp-page\" data-elementor-id=\"2108\" class=\"elementor elementor-2108\" data-elementor-settings=\"[]\">\n\t\t\t<div class=\"elementor-inner\">\n\t\t\t\t<div class=\"elementor-section-wrap\">\n\t\t\t\t\t\t\t<section class=\"elementor-element elementor-element-4cadf93 elementor-section-stretched elementor-section-boxed elementor-section-height-default elementor-section-height-default elementor-section elementor-top-section\" data-id=\"4cadf93\" data-element_type=\"section\" data-settings=\"{&quot;stretch_section&quot;:&quot;section-stretched&quot;}\">\n\t\t\t\t\t\t<div class=\"elementor-container elementor-column-gap-default\">\n\t\t\t\t<div class=\"elementor-row\">\n\t\t\t\t<div class=\"elementor-element elementor-element-de22e26 elementor-column elementor-col-33 elementor-top-column\" data-id=\"de22e26\" data-element_type=\"column\">\n\t\t\t<div class=\"elementor-column-wrap  elementor-element-populated\">\n\t\t\t\t\t<div class=\"elementor-widget-wrap\">\n\t\t\t\t<div class=\"elementor-element elementor-element-39ffbce elementor-invisible elementor-widget elementor-widget-text-editor\" data-id=\"39ffbce\" data-element_type=\"widget\" data-settings=\"{&quot;_animation&quot;:&quot;fadeInLeft&quot;}\" data-widget_type=\"text-editor.default\">\n\t\t\t\t<div class=\"elementor-widget-container\">\n\t\t\t\t\t<div class=\"elementor-text-editor elementor-clearfix\"><p><span style=\"font-weight: bold;\">M\u0160 Lu\u017eick\u00e1, Severn\u00ed 842, 500 03 Hradec Kr\u00e1lov\u00e9<br \/><\/span>\u0159editelka \u0161koly: Mgr. Bc. Gabriela Baranovi\u010dov\u00e1 DiS.<br \/>z\u00e1stupkyn\u011b \u0159editelky: Bc. Lucie Serbouskov\u00e1<br \/>telefon M\u0160: 495 541 288, 725 493\u00a0037\u00a0<br \/>\u0159editelna: 725 781 569<br \/>email: info@ms-luzicka.cz<br \/>Provozn\u00ed doba: 6,30 \u2013 16,30 hodin<br \/>Stanoven\u00e1 kapacita: 100 d\u011bt\u00ed<\/p><\/div>\n\t\t\t\t<\/div>\n\t\t\t\t<\/div>\n\t\t\t\t\t\t<\/div>\n\t\t\t<\/div>\n\t\t<\/div>\n\t\t\t\t<div class=\"elementor-element elementor-element-544a7d2 elementor-column elementor-col-33 elementor-top-column\" data-id=\"544a7d2\" data-element_type=\"column\">\n\t\t\t<div class=\"elementor-column-wrap  elementor-element-populated\">\n\t\t\t\t\t<div class=\"elementor-widget-wrap\">\n\t\t\t\t<div class=\"elementor-element elementor-element-991ddde elementor-invisible elementor-widget elementor-widget-text-editor\" data-id=\"991ddde\" data-element_type=\"widget\" data-settings=\"{&quot;_animation&quot;:&quot;fadeInLeft&quot;}\" data-widget_type=\"text-editor.default\">\n\t\t\t\t<div class=\"elementor-widget-container\">\n\t\t\t\t\t<div class=\"elementor-text-editor elementor-clearfix\"><p style=\"text-align: left;\"><span style=\"font-weight: bold;\">Odlou\u010den\u00e9 pracovi\u0161t\u011b M\u0160 Slav\u00ed\u010dkova 954, 500 03 Hradec Kr\u00e1lov\u00e9<\/span><br \/>z\u00e1stupkyn\u011b \u0159editelky: Bc. Aneta Lup\u00ednkov\u00e1<br \/>telefon M\u0160: 495 546 070, 724 823 201<br \/>email:\u00a0ms-slavickova@seznam.cz<br \/>Provozn\u00ed doba: 6,15 \u2013 16,45 hodin<br \/>Stanoven\u00e1 kapacita: 90 d\u011bt\u00ed<\/p><\/div>\n\t\t\t\t<\/div>\n\t\t\t\t<\/div>\n\t\t\t\t\t\t<\/div>\n\t\t\t<\/div>\n\t\t<\/div>\n\t\t\t\t<div class=\"elementor-element elementor-element-1c1a451 elementor-column elementor-col-33 elementor-top-column\" data-id=\"1c1a451\" data-element_type=\"column\">\n\t\t\t<div class=\"elementor-column-wrap  elementor-element-populated\">\n\t\t\t\t\t<div class=\"elementor-widget-wrap\">\n\t\t\t\t<div class=\"elementor-element elementor-element-743797a elementor-invisible elementor-widget elementor-widget-text-editor\" data-id=\"743797a\" data-element_type=\"widget\" data-settings=\"{&quot;_animation&quot;:&quot;fadeInLeft&quot;}\" data-widget_type=\"text-editor.default\">\n\t\t\t\t<div class=\"elementor-widget-container\">\n\t\t\t\t\t<div class=\"elementor-text-editor elementor-clearfix\"><p><span style=\"font-weight: bold;\">\u0160koln\u00ed j\u00eddelna<br \/><\/span>vedouc\u00ed j\u00eddelny: Olga V\u00e1lkov\u00e1<br \/>vedouc\u00ed kucha\u0159ka: Jana Srn\u00edkov\u00e1<br \/>telefon j\u00eddelna (kuchy\u0148): 495 406 600, 606 609 759<br \/>email: sj@ms-luzicka.cz<br \/>Bankovn\u00ed spojen\u00ed:\u00a08436511\/0100<\/p><\/div>\n\t\t\t\t<\/div>\n\t\t\t\t<\/div>\n\t\t\t\t\t\t<\/div>\n\t\t\t<\/div>\n\t\t<\/div>\n\t\t\t\t\t\t<\/div>\n\t\t\t<\/div>\n\t\t<\/section>\n\t\t\t\t<section class=\"elementor-element elementor-element-7843a19 elementor-section-stretched elementor-section-boxed elementor-section-height-default elementor-section-height-default elementor-section elementor-top-section\" data-id=\"7843a19\" data-element_type=\"section\" data-settings=\"{&quot;stretch_section&quot;:&quot;section-stretched&quot;}\">\n\t\t\t\t\t\t<div class=\"elementor-container elementor-column-gap-default\">\n\t\t\t\t<div class=\"elementor-row\">\n\t\t\t\t<div class=\"elementor-element elementor-element-f367543 elementor-column elementor-col-100 elementor-top-column\" data-id=\"f367543\" data-element_type=\"column\">\n\t\t\t<div class=\"elementor-column-wrap  elementor-element-populated\">\n\t\t\t\t\t<div class=\"elementor-widget-wrap\">\n\t\t\t\t<div class=\"elementor-element elementor-element-7b2389e elementor-invisible elementor-widget elementor-widget-text-editor\" data-id=\"7b2389e\" data-element_type=\"widget\" data-settings=\"{&quot;_animation&quot;:&quot;fadeInLeft&quot;}\" data-widget_type=\"text-editor.default\">\n\t\t\t\t<div class=\"elementor-widget-container\">\n\t\t\t\t\t<div class=\"elementor-text-editor elementor-clearfix\"><p>I\u010cO: 71000658<br \/>Datov\u00e1 schr\u00e1nka: majkuh2<\/p><\/div>\n\t\t\t\t<\/div>\n\t\t\t\t<\/div>\n\t\t\t\t\t\t<\/div>\n\t\t\t<\/div>\n\t\t<\/div>\n\t\t\t\t\t\t<\/div>\n\t\t\t<\/div>\n\t\t<\/section>\n\t\t\t\t\t\t<\/div>\n\t\t\t<\/div>\n\t\t<\/div>\n\t\t","protected":false},"excerpt":{"rendered":"<p>M\u0160 Lu\u017eick\u00e1, Severn\u00ed 842, 500 03 Hradec Kr\u00e1lov\u00e9<br \/>\u0159editelka \u0161koly: Mgr. Bc. Gabriela Baranovi\u010dov\u00e1 DiS.<br \/>z\u00e1stupkyn\u011b \u0159editelky: Bc. Lucie Serbouskov\u00e1<br \/>telefon M\u0160: 495 541 288, 725 493\u00a0037\u00a0<br \/>\u0159editelna: 725 781 569<br \/>email: info@ms-luzicka.cz<br \/>Provozn\u00ed doba: 6,30 \u2013 16,30 hodin<br \/>Stanoven\u00e1 kapacita: 100 d\u011bt\u00ed<\/p>\n<p style=\"text-align: left;\">Odlou\u010den\u00e9 pracovi\u0161t\u011b M\u0160 Slav\u00ed\u010dkova 954, 500 03 Hradec Kr\u00e1lov\u00e9<br \/>z\u00e1stupkyn\u011b \u0159editelky: Bc.<\/p>\n","protected":false},"author":2,"featured_media":0,"parent":0,"menu_order":0,"comment_status":"closed","ping_status":"closed","template":"","meta":{"ngg_post_thumbnail":0,"footnotes":""},"class_list":["post-2108","page","type-page","status-publish","hentry"],"_links":{"self":[{"href":"https:\/\/www.ms-luzicka.cz\/index.php?rest_route=\/wp\/v2\/pages\/2108"}],"collection":[{"href":"https:\/\/www.ms-luzicka.cz\/index.php?rest_route=\/wp\/v2\/pages"}],"about":[{"href":"https:\/\/www.ms-luzicka.cz\/index.php?rest_route=\/wp\/v2\/types\/page"}],"author":[{"embeddable":true,"href":"https:\/\/www.ms-luzicka.cz\/index.php?rest_route=\/wp\/v2\/users\/2"}],"replies":[{"embeddable":true,"href":"https:\/\/www.ms-luzicka.cz\/index.php?rest_route=%2Fwp%2Fv2%2Fcomments&post=2108"}],"version-history":[{"count":32,"href":"https:\/\/www.ms-luzicka.cz\/index.php?rest_route=\/wp\/v2\/pages\/2108\/revisions"}],"predecessor-version":[{"id":4618,"href":"https:\/\/www.ms-luzicka.cz\/index.php?rest_route=\/wp\/v2\/pages\/2108\/revisions\/4618"}],"wp:attachment":[{"href":"https:\/\/www.ms-luzicka.cz\/index.php?rest_route=%2Fwp%2Fv2%2Fmedia&parent=2108"}],"curies":[{"name":"wp","href":"https:\/\/api.w.org\/{rel}","templated":true}]}}